{"id":1794,"date":"2023-11-27T10:46:57","date_gmt":"2023-11-27T16:46:57","guid":{"rendered":"https:\/\/www.therandompoet.com\/poems\/?page_id=1794"},"modified":"2024-06-30T14:37:52","modified_gmt":"2024-06-30T19:37:52","slug":"bienvenido-al-poeta-aleatorio","status":"publish","type":"page","link":"https:\/\/www.therandompoet.com\/poems\/bienvenido-al-poeta-aleatorio\/","title":{"rendered":"Bienvenido al poeta aleatorio"},"content":{"rendered":"\n<p><strong>\u00bfSe cerrar\u00e1 o no el Experimento Americano?<\/strong>   <strong>150+ poemas de J. R. Muller<\/strong><\/p>\n\n\n\n<p class=\"has-text-align-center\"><strong><em>Estas reflexiones son frutos de la frustraci\u00f3n.<br>desde el sentido com\u00fan a menudo se ignoran.<br>Parece que en esta guerra de culturas &#8211;<br>siempre hay algo m\u00e1s.<\/em><\/strong><\/p>\n\n\n\n<p class=\"has-text-align-center\"><strong>Muchos de los poemas de este sitio web reflejan las frustraciones de algunas de las locuras que suceden a nuestro alrededor. El siguiente poema, No Choice For You, es uno de ellos.<\/strong><\/p>\n\n\n\n<p>Una oraci\u00f3n por un salvavidas que pueda llegar a tiempo,<\/p>\n\n\n\n<p>para salvar una oportunidad y fomentar la esperanza para el futuro de un ni\u00f1o.<\/p>\n\n\n\n<p>Nueve mil registrados; el triple de ese n\u00famero todav\u00eda est\u00e1n en la cola;<\/p>\n\n\n\n<p>familias con todos esos ni\u00f1os esperando para ver si llega el savavidas.<\/p>\n\n\n\n<p>&#8220;Invertir en los ni\u00f1os&#8221;: competici\u00f3n para escuelas p\u00fablicas y una opci\u00f3n para los padres que no tienen voz entre t\u00edteres pol\u00edticos y tontos.<\/p>\n\n\n\n<p>Esa esperanza permaneci\u00f3 viva hasta que se hundi\u00f3, cuando finalmente fue torpedeada por una declaraci\u00f3n<strong>***<\/strong> procedente de miembros del Congreso.<\/p>\n\n\n\n<p>\u00bfConocen los p\u00edcaros el dolor que sigui\u00f3?<\/p>\n\n\n\n<p>&#8220;Nos oponemos firmemente a la continuaci\u00f3n del programa &#8216;Invertir en ni\u00f1os&#8217; e instamos a los legisladores estatales a permitir que el programa finalice.&#8221;<\/p>\n\n\n\n<p>&#8220;No hay opci\u00f3n para usted&#8221;, dijeron miembros del Congreso de Illinois.<\/p>\n\n\n\n<p>Parecen creer que saben qu\u00e9 es lo mejor&#8230; aquellos expertos en injusticia social.<\/p>\n\n\n\n<p><strong>&lt;&lt;&lt;&lt; fuentes seleccionadas sobre el programa de becas &#8220;Invest in Kids&#8221; en Illinois<\/strong>: Daily Herald &#8211; 8 de noviembre de 2023 &#8211; y Wall Street Journal &#8211; 8 de noviembre de 2023 ten\u00edan art\u00edculos sobre la declaraci\u00f3n y enumeraban a los 7 miembros del Congreso. El lunes 8 de noviembre, siete dem\u00f3cratas del Congreso de Illinois encabezados por el representante Jan Schakowsky (y los representantes Delia Ramirez, Danny Davis, Sean Casten, Raja Krishnamoorthi, Jonathan Jackson y Nikki Budzinski) emitieron una declaraci\u00f3n sobre la pol\u00edtica&#8221;. La siguiente cita es de la declaraci\u00f3n . <strong>***<\/strong>&#8220;Nos oponemos firmemente a la continuaci\u00f3n del programa &#8216;Invertir en ni\u00f1os&#8217; e instamos a los legisladores estatales a permitir que el programa finalice, como estaba previsto en la ley original.&#8221; <strong>&gt;&gt;&gt;&gt;<\/strong><\/p>\n\n\n\n<p class=\"has-text-align-center\"><em>\u2666\u2666\u2666\u2666<\/em><\/p>\n\n\n\n<p class=\"has-text-align-center\"><strong>\u00bfEst\u00e1 de acuerdo con la forma en que vota su Representante en el Congreso de los Estados Unidos? \u00bfCree usted que los votos de su Representante tienen sentido?<\/strong><\/p>\n\n\n\n<p class=\"has-text-align-center\"><strong>Es f\u00e1cil acceder al registro de votaci\u00f3n de las personas que te representan en el Congreso. A continuaci\u00f3n se muestra un ejemplo de la informaci\u00f3n que se puede encontrar f\u00e1cilmente. (Fuentes de la siguiente informaci\u00f3n: congress.gov, govtrack.us, project..propublica.org y\/o votesmart.org).<\/strong><\/p>\n\n\n\n<p class=\"has-text-align-center\"><em>\u2666\u2666\u2666\u2666<\/em><\/p>\n\n\n\n<h2 class=\"wp-block-heading has-text-align-center\"><strong>Este ejemplo resume algunos de los votos emitidos por un miembro del Congreso: la representante <mark style=\"background-color:rgba(0, 0, 0, 0)\" class=\"has-inline-color has-black-color\">Delia Ramirez<\/mark> del tercer distrito del Congreso de Illinois. (Nota: se excluyen los votos partidistas).<\/strong><\/h2>\n\n\n\n<p class=\"has-text-align-left\">\u2666\u2666\u2666\u2666 19 de octubre de 2023 &#8211; House Res 798 &#8211; Este es un voto para condenar el apoyo de Hamas, Hezbollah y las organizaciones terroristas en las instituciones de educaci\u00f3n superior, e insta al Departamento de Educaci\u00f3n a ordenar a la Oficina de Derechos Civiles que investigan y, en su caso, tomar medidas inmediatas.        <strong>totales de votos:  <em>Republicanos S\u00ed &#8211; 212;    Dem\u00f3cratas S\u00ed &#8211; 184;    Republicanos No &#8211; 1;    Dem\u00f3cratas No &#8211; 22 (Delia Ram\u00edrez vot\u00f3 No)<\/em><\/strong><\/p>\n\n\n\n<p>\u2666\u2666\u2666\u2666 10 de enero de 2023 &#8211; Resoluci\u00f3n 11 &#8211; Votaci\u00f3n para establecer un comit\u00e9 para studiar\/monitorear la amenaza china. La votaci\u00f3n fue para establecer un Comit\u00e9 Selecto sobre la Competencia Estrat\u00e9gica entre Estados Unidos y el Partido Comunista Chino.     <strong> totales de votos:  <em>Republicanos S\u00ed &#8211; 218;    Dem\u00f3cratas S\u00ed &#8211; 147;    Republicanos No &#8211; 0;    Dem\u00f3cratas No &#8211; 65 (Delia Ram\u00edrez vot\u00f3 No)<\/em><\/strong><\/p>\n\n\n\n<p>\u2666\u2666\u2666\u2666 23 de marzo de 2023 &#8211; HR 1093 &#8211; Fortalecer la alianza de seguridad entre Australia, EE.UU. UU. y el Reino Unido.     <strong>  totales de votos:  <em>Republicanos S\u00ed: 209; Dem\u00f3cratas S\u00ed: 184; Republicanos No &#8211; 0; Dem\u00f3cratas No &#8211; 4 (Delia Ram\u00edrez vot\u00f3 No); NV 38 <\/em><\/strong><\/p>\n\n\n\n<p>\u2666\u2666\u2666\u2666 2 de febrero de 2023 &#8211; Continuaci\u00f3n de la Resoluci\u00f3n 9 &#8211; Voto para denunciar el socialismo.     <strong>totales de votos:  <em>Republicanos S\u00ed &#8211; 219;    Dem\u00f3cratas S\u00ed &#8211; 109;    Republicanos No &#8211; 0;    Dem\u00f3cratas No &#8211; 86 (Delia Ram\u00edrez vot\u00f3 No) <\/em><\/strong><\/p>\n\n\n\n<p>\u2666\u2666\u2666\u2666 22 de marzo de 2023: Ley de Implementaci\u00f3n de Garant\u00eda de Taiw\u00e1n. Modifica la Ley de Garant\u00eda de Taiw\u00e1n de 2020: ordena al Secretario de Estado que presente al Congreso un informe sobre las capacidades avanzadas de la asociaci\u00f3n de seguridad trilateral entre Australia, el Reino Unido y los EE.UU. UU.     <strong>totales de votos:  <em>S\u00ed &#8211; 404 No &#8211; 7 (Delia Ram\u00edrez vot\u00f3 No)<\/em><\/strong><\/p>\n\n\n\n<p>\u2666\u2666\u2666\u2666 18 de mayo de 2023 &#8211; Continuaci\u00f3n de la Resoluci\u00f3n 40 &#8211; Votar para reconocer a la polic\u00eda y condenar el desfinanciamiento de la polic\u00eda.      <strong>totales de votos:  <em>Republicanos S\u00ed &#8211; 214;    Dem\u00f3cratas S\u00ed &#8211; 87;    Republicanos No &#8211; 2;    Dem\u00f3cratas No &#8211; 117 (Delia Ram\u00edrez vot\u00f3 No)<\/em><\/strong><\/p>\n\n\n\n<p class=\"has-text-align-center\">\u2666\u2666\u2666\u2666<\/p>\n\n\n\n<p class=\"has-text-align-center\"><strong><em>Si tiene alguna sugerencia, correcci\u00f3n o desea compartir una idea, no dude en enviar un correo electr\u00f3nico a info&lt;at&gt;therandompoet.com<\/em><\/strong><\/p>\n\n\n\n<p class=\"has-text-align-center\">\u2666\u2666\u2666\u2666<\/p>\n\n\n\n<p class=\"has-text-align-center\"><strong>&#8220;Cada civilizaci\u00f3n muere por la indiferencia hacia los valores \u00fanicos que la crearon&#8221;.   Nicolas Gomez Davila, philosopher,  1913 &#8211; 1994<\/strong><\/p>\n","protected":false},"excerpt":{"rendered":"<p>\u00bfSe cerrar\u00e1 o no el Experimento Americano? 150+ poemas de J. R. Muller Estas reflexiones son frutos de la frustraci\u00f3n.desde &hellip; <a href=\"https:\/\/www.therandompoet.com\/poems\/bienvenido-al-poeta-aleatorio\/\" class=\"more-link\">Continue reading <span class=\"screen-reader-text\">Bienvenido al poeta aleatorio<\/span><\/a><\/p>\n","protected":false},"author":1,"featured_media":0,"parent":0,"menu_order":0,"comment_status":"closed","ping_status":"closed","template":"","meta":{"_exactmetrics_skip_tracking":false,"_exactmetrics_sitenote_active":false,"_exactmetrics_sitenote_note":"","_exactmetrics_sitenote_category":0,"footnotes":""},"class_list":["post-1794","page","type-page","status-publish","hentry"],"_links":{"self":[{"href":"https:\/\/www.therandompoet.com\/poems\/wp-json\/wp\/v2\/pages\/1794","targetHints":{"allow":["GET"]}}],"collection":[{"href":"https:\/\/www.therandompoet.com\/poems\/wp-json\/wp\/v2\/pages"}],"about":[{"href":"https:\/\/www.therandompoet.com\/poems\/wp-json\/wp\/v2\/types\/page"}],"author":[{"embeddable":true,"href":"https:\/\/www.therandompoet.com\/poems\/wp-json\/wp\/v2\/users\/1"}],"replies":[{"embeddable":true,"href":"https:\/\/www.therandompoet.com\/poems\/wp-json\/wp\/v2\/comments?post=1794"}],"version-history":[{"count":9,"href":"https:\/\/www.therandompoet.com\/poems\/wp-json\/wp\/v2\/pages\/1794\/revisions"}],"predecessor-version":[{"id":2537,"href":"https:\/\/www.therandompoet.com\/poems\/wp-json\/wp\/v2\/pages\/1794\/revisions\/2537"}],"wp:attachment":[{"href":"https:\/\/www.therandompoet.com\/poems\/wp-json\/wp\/v2\/media?parent=1794"}],"curies":[{"name":"wp","href":"https:\/\/api.w.org\/{rel}","templated":true}]}}